{"id":183,"date":"2013-01-24T19:49:42","date_gmt":"2013-01-24T17:49:42","guid":{"rendered":"http:\/\/www.rccg-osnabrueck.de\/?page_id=183"},"modified":"2018-10-23T16:56:23","modified_gmt":"2018-10-23T14:56:23","slug":"about","status":"publish","type":"page","link":"https:\/\/www.rccg-osnabrueck.de\/?page_id=183","title":{"rendered":"About Us"},"content":{"rendered":"<p>[et_pb_section bb_built=&#8220;1&#8243;][et_pb_row][et_pb_column type=&#8220;4_4&#8243;][et_pb_text _builder_version=&#8220;3.17.2&#8243;]<\/p>\n<h1 id=\"firstHeading\" lang=\"de\">Redeemed Christian Church of God<\/h1>\n<div style=\"width: 229px\" class=\"wp-caption alignright\"><img decoding=\"async\" loading=\"lazy\" src=\"https:\/\/www.rccg-osnabrueck.de\/wp-content\/uploads\/2013\/01\/e-a-adeboye-219x300.jpg\" alt=\"\" width=\"219\" height=\"300\"><p class=\"wp-caption-text\">E.A. Adeboye<\/p><\/div>\n<p>Die &#8222;Redeemed Christian Church of God&#8220; (RCCG) wurde&nbsp; durch Josiah Akindayomi 1952 in Nigeria gegr\u00fcndet. Im laufe der Zeit wuchs die Kirche zu eine der gr\u00f6\u00dften Pfingstkirchen in Nigeria an und wird seit dem Tod von&nbsp;Rev. Josiah Akindayomi (\u20201981) von Pastor Enoch Adejare Adeboye geleitet und ist inzwischen auf der ganzen Welt verbreitet.<\/p>\n<p><strong>Die RCCG Osnabr\u00fcck<\/strong> gegr\u00fcndet 2012 von&nbsp;Pastor Christopher Okpure ist eine kleine aber feine Gemeinde im Herzen von Osnabr\u00fcck. Sie bietet Ihren Mitgliedern eine Sonntags Schule f\u00fcr Gro\u00dfe und Kleine Gl\u00e4ubige, Gesang und Tanz sowie mitrei\u00dfende Predigten.<\/p>\n<p>Weitere Informationen siehe <a title=\"Redeemed Christian Church of God (Wikipedia)\" href=\"http:\/\/de.wikipedia.org\/wiki\/Redeemed_Christian_Church_of_God\" target=\"_blank\" rel=\"noopener\">Wikipedia<\/a><\/p>\n<p>&nbsp;<\/p>\n<p>[\/et_pb_text][\/et_pb_column][\/et_pb_row][\/et_pb_section]<\/p>\n","protected":false},"excerpt":{"rendered":"<p><div class=\"et_pb_row et_pb_row_0 et_pb_row_empty\">\n\t\t\t\t\n\t\t\t\t\n\t\t\t\t\n\t\t\t\t\n\t\t\t\t\n\t\t\t<\/div> Redeemed Christian Church of God Die &#8222;Redeemed Christian Church of God&#8220; (RCCG) wurde&nbsp; durch Josiah Akindayomi 1952 in Nigeria gegr\u00fcndet. Im laufe der Zeit wuchs die Kirche zu eine der gr\u00f6\u00dften Pfingstkirchen in Nigeria an und wird seit dem Tod von&nbsp;Rev. Josiah Akindayomi (\u20201981) von Pastor Enoch Adejare Adeboye geleitet und ist inzwischen auf [&hellip;]<\/p>\n","protected":false},"author":2,"featured_media":0,"parent":0,"menu_order":0,"comment_status":"open","ping_status":"open","template":"","meta":{"_et_pb_use_builder":"on","_et_pb_old_content":"<h1 id=\"firstHeading\" lang=\"de\">Redeemed Christian Church of God<\/h1>[caption id=\"\" align=\"alignright\" width=\"219\"]<img src=\"http:\/\/www.rccg-osnabrueck.de\/wp-content\/uploads\/2013\/01\/e-a-adeboye-219x300.jpg\" alt=\"\" width=\"219\" height=\"300\"> E.A. Adeboye[\/caption]<p>Die \"Redeemed Christian Church of God\" (RCCG) wurde&nbsp; durch Josiah Akindayomi 1952 in Nigeria gegr\u00fcndet. Im laufe der Zeit wuchs die Kirche zu eine der gr\u00f6\u00dften Pfingstkirchen in Nigeria an und wird seit dem Tod von&nbsp;Rev. Josiah Akindayomi (\u20201981) von Pastor Enoch Adejare Adeboye geleitet und ist inzwischen auf der ganzen Welt verbreitet.<\/p><p><strong>Die RCCG Osnabr\u00fcck<\/strong> gegr\u00fcndet 2012 von&nbsp;Pastor Christopher Okpure ist eine kleine aber feine Gemeinde im Herzen von Osnabr\u00fcck. Sie bietet Ihren Mitgliedern eine Sonntags Schule f\u00fcr Gro\u00dfe und Kleine Gl\u00e4ubige, Gesang und Tanz sowie mitrei\u00dfende Predigten.<\/p><p>Weitere Informationen siehe <a title=\"Redeemed Christian Church of God (Wikipedia)\" href=\"http:\/\/de.wikipedia.org\/wiki\/Redeemed_Christian_Church_of_God\" target=\"_blank\" rel=\"noopener\">Wikipedia<\/a><\/p><p>&nbsp;<\/p>","_et_gb_content_width":"","ngg_post_thumbnail":0,"footnotes":""},"_links":{"self":[{"href":"https:\/\/www.rccg-osnabrueck.de\/index.php?rest_route=\/wp\/v2\/pages\/183"}],"collection":[{"href":"https:\/\/www.rccg-osnabrueck.de\/index.php?rest_route=\/wp\/v2\/pages"}],"about":[{"href":"https:\/\/www.rccg-osnabrueck.de\/index.php?rest_route=\/wp\/v2\/types\/page"}],"author":[{"embeddable":true,"href":"https:\/\/www.rccg-osnabrueck.de\/index.php?rest_route=\/wp\/v2\/users\/2"}],"replies":[{"embeddable":true,"href":"https:\/\/www.rccg-osnabrueck.de\/index.php?rest_route=%2Fwp%2Fv2%2Fcomments&post=183"}],"version-history":[{"count":26,"href":"https:\/\/www.rccg-osnabrueck.de\/index.php?rest_route=\/wp\/v2\/pages\/183\/revisions"}],"predecessor-version":[{"id":337,"href":"https:\/\/www.rccg-osnabrueck.de\/index.php?rest_route=\/wp\/v2\/pages\/183\/revisions\/337"}],"wp:attachment":[{"href":"https:\/\/www.rccg-osnabrueck.de\/index.php?rest_route=%2Fwp%2Fv2%2Fmedia&parent=183"}],"curies":[{"name":"wp","href":"https:\/\/api.w.org\/{rel}","templated":true}]}}